{"id":3428,"date":"2020-07-04T03:51:14","date_gmt":"2020-07-04T01:51:14","guid":{"rendered":"http:\/\/esprit-sud.org\/?page_id=3428"},"modified":"2020-07-04T04:33:39","modified_gmt":"2020-07-04T02:33:39","slug":"webinaires-esprit-sud-sur-lecole-de-demain","status":"publish","type":"page","link":"https:\/\/esprit-sud.org\/index.php\/webinaires-esprit-sud-sur-lecole-de-demain\/","title":{"rendered":"Webinaires Esprit Sud sur l&rsquo;\u00e9cole de demain"},"content":{"rendered":"<div data-colibri-id=\"3428-c1\" class=\"style-2281 style-local-3428-c1 position-relative\">\n  <!---->\n  <div data-colibri-component=\"section\" data-colibri-id=\"3428-c54\" id=\"header\" class=\"h-section h-section-global-spacing d-flex align-items-lg-center align-items-md-center align-items-center style-2333 style-local-3428-c54 position-relative\">\n    <!---->\n    <!---->\n    <div class=\"h-section-grid-container h-section-boxed-container\">\n      <!---->\n      <div data-colibri-id=\"3428-c57\" class=\"h-row-container gutters-row-lg-2 gutters-row-md-2 gutters-row-0 gutters-row-v-lg-2 gutters-row-v-md-2 gutters-row-v-2 style-2336 style-local-3428-c57 position-relative\">\n        <!---->\n        <div class=\"h-row justify-content-lg-center justify-content-md-center justify-content-center align-items-lg-stretch align-items-md-stretch align-items-stretch gutters-col-lg-2 gutters-col-md-2 gutters-col-0 gutters-col-v-lg-2 gutters-col-v-md-2 gutters-col-v-2\">\n          <!---->\n          <div class=\"h-column h-column-container d-flex h-col-lg-auto h-col-md-auto h-col-auto style-2337-outer style-local-3428-c58-outer\">\n            <div data-colibri-id=\"3428-c58\" class=\"d-flex h-flex-basis h-column__inner h-px-lg-2 h-px-md-2 h-px-2 v-inner-lg-2 v-inner-md-2 v-inner-2 style-2337 style-local-3428-c58 position-relative\">\n              <!---->\n              <!---->\n              <div class=\"w-100 h-y-container h-column__content h-column__v-align flex-basis-100 align-self-lg-start align-self-md-start align-self-start\">\n                <!---->\n                <div data-colibri-id=\"3428-c59\" class=\"h-global-transition-all h-heading style-2314 style-local-3428-c59 position-relative h-element\">\n                  <!---->\n                  <div class=\"h-heading__outer style-2314 style-local-3428-c59\">\n                    <!---->\n                    <!---->\n                    <h3 class=\"\">Esprit Sud organise <em style=\"color: rgb(3, 169, 244); font-family: &quot;Playfair Display&quot;;\">une s\u00e9rie de conf\u00e9rences<\/em> sur&nbsp;<em style=\"color: rgb(3, 169, 244); font-family: &quot;Playfair Display&quot;;\">l&rsquo;\u00e9cole de demain en Afrique<\/em><\/h3>\n                  <\/div>\n                <\/div>\n              <\/div>\n            <\/div>\n          <\/div>\n        <\/div>\n      <\/div>\n    <\/div>\n  <\/div>\n  <div data-colibri-component=\"section\" data-colibri-id=\"3428-c2\" id=\"custom\" class=\"h-section h-section-global-spacing d-flex align-items-lg-center align-items-md-center align-items-center style-2282 style-local-3428-c2 position-relative\">\n    <!---->\n    <!---->\n    <div class=\"h-section-grid-container h-section-boxed-container\">\n      <!---->\n      <div data-colibri-id=\"3428-c3\" class=\"h-row-container gutters-row-lg-2 gutters-row-md-2 gutters-row-0 gutters-row-v-lg-2 gutters-row-v-md-2 gutters-row-v-2 style-2283 style-local-3428-c3 position-relative\">\n        <!---->\n        <div class=\"h-row justify-content-lg-center justify-content-md-center justify-content-center align-items-lg-stretch align-items-md-stretch align-items-stretch gutters-col-lg-2 gutters-col-md-2 gutters-col-0 gutters-col-v-lg-2 gutters-col-v-md-2 gutters-col-v-2\">\n          <!---->\n          <div class=\"h-column h-column-container d-flex h-col-lg-4 h-col-md-4 h-col-12 style-2284-outer style-local-3428-c4-outer\">\n            <div data-colibri-id=\"3428-c4\" class=\"d-flex h-flex-basis h-column__inner h-px-lg-2 h-px-md-2 h-px-2 v-inner-lg-2 v-inner-md-2 v-inner-2 style-2284 style-local-3428-c4 position-relative\">\n              <!---->\n              <!---->\n              <div class=\"w-100 h-y-container h-column__content h-column__v-align flex-basis-100 align-self-lg-start align-self-md-start align-self-start\">\n                <!---->\n                <div data-colibri-id=\"3428-c20\" class=\"h-global-transition-all h-heading style-2300 style-local-3428-c20 position-relative h-element\">\n                  <!---->\n                  <div class=\"h-heading__outer style-2300 style-local-3428-c20\">\n                    <!---->\n                    <!---->\n                    <h6 class=\"\">16 juin 2020 &#8211; 15H00<\/h6>\n                  <\/div>\n                <\/div>\n              <\/div>\n            <\/div>\n          <\/div>\n          <div class=\"h-column h-column-container d-flex h-col-lg-4 h-col-md-4 h-col-12 style-2285-outer style-local-3428-c5-outer\">\n            <div data-colibri-id=\"3428-c5\" class=\"d-flex h-flex-basis h-column__inner h-px-lg-2 h-px-md-2 h-px-2 v-inner-lg-2 v-inner-md-2 v-inner-2 style-2285 style-local-3428-c5 position-relative\">\n              <!---->\n              <!---->\n              <div class=\"w-100 h-y-container h-column__content h-column__v-align flex-basis-100 align-self-lg-start align-self-md-start align-self-start\">\n                <!---->\n                <div data-colibri-id=\"3428-c6\" class=\"h-lead h-text h-text-component style-2286 style-local-3428-c6 position-relative h-element\">\n                  <!---->\n                  <!---->\n                  <div class=\"\">\n                    <p><span style=\"font-weight: 400; font-size: 16px; font-family: &quot;Open Sans&quot;; color: rgb(70, 112, 127);\">L\u2019apr\u00e8s Covid19&nbsp;: b\u00e2tir l\u2019\u00e9cole de demain en Afrique<\/span><\/p>\n                  <\/div>\n                <\/div>\n              <\/div>\n            <\/div>\n          <\/div>\n          <div class=\"h-column h-column-container d-flex h-col-lg-4 h-col-md-4 h-col-12 style-2342-outer style-local-3428-c64-outer\">\n            <div data-colibri-id=\"3428-c64\" class=\"d-flex h-flex-basis h-column__inner h-px-lg-2 h-px-md-2 h-px-2 v-inner-lg-2 v-inner-md-2 v-inner-2 style-2342 style-local-3428-c64 position-relative\">\n              <!---->\n              <!---->\n              <div class=\"w-100 h-y-container h-column__content h-column__v-align flex-basis-100 align-self-lg-start align-self-md-start align-self-start\">\n                <!---->\n                <div data-colibri-id=\"3428-c60\" class=\"h-x-container style-2338 style-local-3428-c60 position-relative h-element\">\n                  <!---->\n                  <div class=\"h-x-container-inner style-dynamic-3428-c60-group style-2338-spacing style-local-3428-c60-spacing\"><span class=\"h-button__outer style-2339-outer style-local-3428-c61-outer d-inline-flex h-element\"><a h-use-smooth-scroll=\"true\" href=\"http:\/\/esprit-sud.org\/index.php\/journee-de-lenfant-africain-2020\/\" target=\"_blank\" data-colibri-id=\"3428-c61\" class=\"d-flex w-100 align-items-center h-button justify-content-lg-center justify-content-md-center justify-content-center style-2339 style-local-3428-c61 position-relative\" rel=\"noopener noreferrer\"><!----><!----> <span>En savoir plus <\/span><\/a>\n                    <\/span>\n                  <\/div>\n                <\/div>\n              <\/div>\n            <\/div>\n          <\/div>\n        <\/div>\n      <\/div>\n    <\/div>\n  <\/div>\n  <div data-colibri-component=\"section\" data-colibri-id=\"3428-c9\" id=\"custom-2\" class=\"h-section h-section-global-spacing d-flex align-items-lg-center align-items-md-center align-items-center style-2289 style-local-3428-c9 position-relative\">\n    <!---->\n    <!---->\n    <div class=\"h-section-grid-container h-section-boxed-container\">\n      <!---->\n      <div data-colibri-id=\"3428-c10\" class=\"h-row-container gutters-row-lg-2 gutters-row-md-2 gutters-row-0 gutters-row-v-lg-2 gutters-row-v-md-2 gutters-row-v-2 style-2290 style-local-3428-c10 position-relative\">\n        <!---->\n        <div class=\"h-row justify-content-lg-center justify-content-md-center justify-content-center align-items-lg-stretch align-items-md-stretch align-items-stretch gutters-col-lg-2 gutters-col-md-2 gutters-col-0 gutters-col-v-lg-2 gutters-col-v-md-2 gutters-col-v-2\">\n          <!---->\n          <div class=\"h-column h-column-container d-flex h-col-lg-4 h-col-md-4 h-col-12 style-2291-outer style-local-3428-c11-outer\">\n            <div data-colibri-id=\"3428-c11\" class=\"d-flex h-flex-basis h-column__inner h-px-lg-2 h-px-md-2 h-px-2 v-inner-lg-2 v-inner-md-2 v-inner-2 style-2291 style-local-3428-c11 position-relative\">\n              <!---->\n              <!---->\n              <div class=\"w-100 h-y-container h-column__content h-column__v-align flex-basis-100 align-self-lg-start align-self-md-start align-self-start\">\n                <!---->\n                <div data-colibri-id=\"3428-c18\" class=\"h-global-transition-all h-heading style-2298 style-local-3428-c18 position-relative h-element\">\n                  <!---->\n                  <div class=\"h-heading__outer style-2298 style-local-3428-c18\">\n                    <!---->\n                    <!---->\n                    <h6 class=\"\">11 juillet 2020 &#8211; 15h00<\/h6>\n                  <\/div>\n                <\/div>\n              <\/div>\n            <\/div>\n          <\/div>\n          <div class=\"h-column h-column-container d-flex h-col-lg-4 h-col-md-4 h-col-12 style-2292-outer style-local-3428-c12-outer\">\n            <div data-colibri-id=\"3428-c12\" class=\"d-flex h-flex-basis h-column__inner h-px-lg-2 h-px-md-2 h-px-2 v-inner-lg-2 v-inner-md-2 v-inner-2 style-2292 style-local-3428-c12 position-relative\">\n              <!---->\n              <!---->\n              <div class=\"w-100 h-y-container h-column__content h-column__v-align flex-basis-100 align-self-lg-start align-self-md-start align-self-start\">\n                <!---->\n                <div data-colibri-id=\"3428-c19\" class=\"h-lead h-text h-text-component style-2299 style-local-3428-c19 position-relative h-element\">\n                  <!---->\n                  <!---->\n                  <div class=\"\">\n                    <p><span style=\"font-weight: 400; font-size: 16px; font-family: &quot;Open Sans&quot;; color: rgb(70, 112, 127);\">L\u2019\u00e9ducation num\u00e9rique en Afrique&nbsp;: entre in\u00e9galit\u00e9s et opportunit\u00e9s<\/span><\/p>\n                  <\/div>\n                <\/div>\n              <\/div>\n            <\/div>\n          <\/div>\n          <div class=\"h-column h-column-container d-flex h-col-lg-4 h-col-md-4 h-col-12 style-2343-outer style-local-3428-c65-outer\">\n            <div data-colibri-id=\"3428-c65\" class=\"d-flex h-flex-basis h-column__inner h-px-lg-2 h-px-md-2 h-px-2 v-inner-lg-2 v-inner-md-2 v-inner-2 style-2343 style-local-3428-c65 position-relative\">\n              <!---->\n              <!---->\n              <div class=\"w-100 h-y-container h-column__content h-column__v-align flex-basis-100 align-self-lg-start align-self-md-start align-self-start\">\n                <!---->\n                <div data-colibri-id=\"3428-c62\" class=\"h-x-container style-2340 style-local-3428-c62 position-relative h-element\">\n                  <!---->\n                  <div class=\"h-x-container-inner style-dynamic-3428-c62-group style-2340-spacing style-local-3428-c62-spacing\"><span class=\"h-button__outer style-2341-outer style-local-3428-c63-outer d-inline-flex h-element\"><a h-use-smooth-scroll=\"true\" href=\"http:\/\/esprit-sud.org\/index.php\/leducation-numerique-en-afrique-entre-inegalites-et-opportunites\/\" target=\"_blank\" data-colibri-id=\"3428-c63\" class=\"d-flex w-100 align-items-center h-button justify-content-lg-center justify-content-md-center justify-content-center style-2341 style-local-3428-c63 position-relative\" rel=\"noopener noreferrer\"><!----><!----> <span>En savoir plus<\/span><\/a>\n                    <\/span>\n                  <\/div>\n                <\/div>\n              <\/div>\n            <\/div>\n          <\/div>\n        <\/div>\n      <\/div>\n    <\/div>\n  <\/div>\n  <div data-colibri-component=\"section\" data-colibri-id=\"3428-c13\" id=\"custom-3\" class=\"h-section h-section-global-spacing d-flex align-items-lg-center align-items-md-center align-items-center style-2293 style-local-3428-c13 position-relative\">\n    <!---->\n    <!---->\n    <div class=\"h-section-grid-container h-section-boxed-container\">\n      <!---->\n      <div data-colibri-id=\"3428-c14\" class=\"h-row-container gutters-row-lg-2 gutters-row-md-2 gutters-row-0 gutters-row-v-lg-2 gutters-row-v-md-2 gutters-row-v-2 style-2294 style-local-3428-c14 position-relative\">\n        <!---->\n        <div class=\"h-row justify-content-lg-center justify-content-md-center justify-content-center align-items-lg-stretch align-items-md-stretch align-items-stretch gutters-col-lg-2 gutters-col-md-2 gutters-col-0 gutters-col-v-lg-2 gutters-col-v-md-2 gutters-col-v-2\">\n          <!---->\n          <div class=\"h-column h-column-container d-flex h-col-lg-auto h-col-md-auto h-col-auto style-2295-outer style-local-3428-c15-outer\">\n            <div data-colibri-id=\"3428-c15\" class=\"d-flex h-flex-basis h-column__inner h-px-lg-2 h-px-md-2 h-px-2 v-inner-lg-2 v-inner-md-2 v-inner-2 style-2295 style-local-3428-c15 position-relative\">\n              <!---->\n              <!---->\n              <div class=\"w-100 h-y-container h-column__content h-column__v-align flex-basis-100 align-self-lg-start align-self-md-start align-self-start\">\n                <!---->\n                <div data-colibri-id=\"3428-c53\" class=\"h-global-transition-all h-heading style-2332 style-local-3428-c53 position-relative h-element\">\n                  <!---->\n                  <div class=\"h-heading__outer style-2332 style-local-3428-c53\">\n                    <!---->\n                    <!---->\n                    <h5 class=\"\">Dates \u00e0 venir<\/h5>\n                  <\/div>\n                <\/div>\n              <\/div>\n            <\/div>\n          <\/div>\n          <div class=\"h-column h-column-container d-flex h-col-lg-auto h-col-md-auto h-col-auto style-2296-outer style-local-3428-c16-outer\">\n            <div data-colibri-id=\"3428-c16\" class=\"d-flex h-flex-basis h-column__inner h-px-lg-2 h-px-md-2 h-px-2 v-inner-lg-2 v-inner-md-2 v-inner-2 style-2296 style-local-3428-c16 position-relative\">\n              <!---->\n              <!---->\n              <div class=\"w-100 h-y-container h-column__content h-column__v-align flex-basis-100 align-self-lg-start align-self-md-start align-self-start\">\n                <!---->\n                <div data-colibri-id=\"3428-c17\" class=\"h-text h-text-component style-2297 style-local-3428-c17 position-relative h-element\">\n                  <!---->\n                  <!---->\n                  <div class=\"\">\n                    <p><span style=\"font-size: 12pt;\">D\u00e9mocratiser la lecture en Afrique pour un meilleur acc\u00e8s \u00e0 la connaissance<\/span><\/p>\n                    <p><span style=\"font-size: 12pt;\">De l\u2019\u00e9cole coloniale \u00e0 l\u2019\u00e9cole nationale&nbsp;: \u00e9tat des lieux<\/span><\/p>\n                    <p><span style=\"font-size: 12pt;\">Les m\u00e9tiers d\u2019avenir en Afrique<\/span><\/p>\n                    <p><span style=\"font-size: 12pt;\">Citoyennet\u00e9 et culture de paix \u00e0 l\u2019\u00e9cole<\/span><\/p>\n                    <p><span style=\"font-size: 12pt;\">La question de la transmission de l\u2019histoire africaine et du patrimoine aux jeunes g\u00e9n\u00e9rations<\/span><\/p>\n                    <p><span style=\"font-size: 12pt;\">Entre formel et informel&nbsp;: la situation des \u00e9coles coraniques<\/span><\/p>\n                    <p><span style=\"font-size: 12pt;\">Les programmes d\u2019\u00e9changes scolaires et universitaires en Afrique<\/span><\/p>\n                    <p><span style=\"font-size: 12pt;\">L\u2019enseignement en langues locales&nbsp;:&nbsp;avantages et inconv\u00e9nients<\/span><\/p>\n                    <p><span style=\"font-size: 12pt;\">L\u2019\u00e9cole africaine du XXI\u00e8me si\u00e8cle&nbsp;: quelle architecture&nbsp;? quel \u00e9quipement&nbsp;?<\/span><\/p>\n                    <p><span style=\"font-size: 12pt;\">Comment bien nourrir les \u00e9coliers \u00e0 moindre co\u00fbt<\/span><\/p>\n                    <p><span style=\"font-size: 12pt;\">La scolarisation des filles en Afrique&nbsp;: o\u00f9 en sommes-nous&nbsp;?<\/span><\/p>\n                    <p><span style=\"font-size: 12pt;\">Nouvelles formes d\u2019apprentissage&nbsp;: autour de la p\u00e9dagogie positive<\/span><\/p>\n                    <p>\n                      <br>\n                    <\/p>\n                    <p>\n                      <br>\n                    <\/p>\n                  <\/div>\n                <\/div>\n              <\/div>\n            <\/div>\n          <\/div>\n        <\/div>\n      <\/div>\n    <\/div>\n  <\/div>\n  <div data-colibri-component=\"section\" data-colibri-id=\"3428-c66\" id=\"about\" class=\"h-section h-section-global-spacing d-flex align-items-lg-center align-items-md-center align-items-center style-2344 style-local-3428-c66 position-relative\">\n    <!---->\n    <!---->\n    <div class=\"h-section-grid-container h-section-boxed-container\">\n      <!---->\n      <div data-colibri-id=\"3428-c76\" class=\"h-row-container gutters-row-lg-2 gutters-row-md-2 gutters-row-0 gutters-row-v-lg-2 gutters-row-v-md-2 gutters-row-v-2 style-2354 style-local-3428-c76 position-relative\">\n        <!---->\n        <div class=\"h-row justify-content-lg-center justify-content-md-center justify-content-center align-items-lg-stretch align-items-md-stretch align-items-stretch gutters-col-lg-2 gutters-col-md-2 gutters-col-0 gutters-col-v-lg-2 gutters-col-v-md-2 gutters-col-v-2\">\n          <!---->\n          <div class=\"h-column h-column-container d-flex h-col-lg-auto h-col-md-auto h-col-auto style-2355-outer style-local-3428-c77-outer\">\n            <div data-colibri-id=\"3428-c77\" class=\"d-flex h-flex-basis h-column__inner h-px-lg-2 h-px-md-2 h-px-2 v-inner-lg-2 v-inner-md-2 v-inner-2 style-2355 style-local-3428-c77 position-relative\">\n              <!---->\n              <!---->\n              <div class=\"w-100 h-y-container h-column__content h-column__v-align flex-basis-100 align-self-lg-start align-self-md-start align-self-start\">\n                <!---->\n                <div data-colibri-id=\"3428-c78\" class=\"h-global-transition-all h-heading style-2348 style-local-3428-c78 position-relative h-element\">\n                  <!---->\n                  <div class=\"h-heading__outer style-2348 style-local-3428-c78\">\n                    <!---->\n                    <!---->\n                    <h2 class=\"\">Autres activit\u00e9s sur&nbsp;<em style=\"font-family: &quot;Playfair Display&quot;; color: rgb(3, 169, 244);\">l&rsquo;\u00e9cole de demain<\/em><\/h2>\n                  <\/div>\n                <\/div>\n              <\/div>\n            <\/div>\n          <\/div>\n        <\/div>\n      <\/div>\n      <div data-colibri-id=\"3428-c67\" class=\"h-row-container gutters-row-lg-2 gutters-row-md-2 gutters-row-2 gutters-row-v-lg-2 gutters-row-v-md-2 gutters-row-v-2 style-2345 style-local-3428-c67 position-relative\">\n        <!---->\n        <div class=\"h-row justify-content-lg-center justify-content-md-center justify-content-center align-items-lg-stretch align-items-md-stretch align-items-stretch gutters-col-lg-2 gutters-col-md-2 gutters-col-2 gutters-col-v-lg-2 gutters-col-v-md-2 gutters-col-v-2\">\n          <!---->\n          <div class=\"h-column h-column-container d-flex h-col-lg-auto h-col-md-auto h-col-auto style-2346-outer style-local-3428-c68-outer\">\n            <div data-colibri-id=\"3428-c68\" class=\"d-flex h-flex-basis h-column__inner h-px-lg-2 h-px-md-2 h-px-2 v-inner-lg-2 v-inner-md-2 v-inner-2 style-2346 style-local-3428-c68 position-relative\">\n              <!---->\n              <!---->\n              <div class=\"w-100 h-y-container h-column__content h-column__v-align flex-basis-100 align-self-lg-center align-self-md-center align-self-center\">\n                <!---->\n                <div data-colibri-id=\"3428-c71\" class=\"h-lead h-text h-text-component style-2349 style-local-3428-c71 position-relative h-element\">\n                  <!---->\n                  <!---->\n                  <div class=\"\">\n                    <p><span style=\"font-weight: 300; font-size: 20px; font-family: &quot;Open Sans&quot;; color: rgb(23, 37, 42);\">Des citoyens \u00e9panouis, soucieux de l\u2019environnement, porteurs d\u2019id\u00e9es, acteurs de d\u00e9veloppement, ouverts au monde et \u00e0 l\u2019universel, connaisseurs de leur propre histoire, ma\u00eetres de leur destin\u00e9e, protecteurs du patrimoine, v\u00e9hicules de la paix, collecteurs et transmetteurs des savoirs, en phase avec l\u2019\u00e8re du num\u00e9rique.&nbsp;<\/span><\/p>\n                  <\/div>\n                <\/div>\n                <div data-colibri-id=\"3428-c72\" class=\"h-x-container style-2350 style-local-3428-c72 position-relative h-element\">\n                  <!---->\n                  <div class=\"h-x-container-inner style-dynamic-3428-c72-group style-2350-spacing style-local-3428-c72-spacing\"><span class=\"h-button__outer style-2351-outer style-local-3428-c73-outer d-inline-flex h-element\"><a h-use-smooth-scroll=\"true\" href=\"http:\/\/esprit-sud.org\/index.php\/category\/nos-activites\/lecole-du-futur\/\" target=\"_blank\" data-colibri-id=\"3428-c73\" class=\"d-flex w-100 align-items-center h-button justify-content-lg-center justify-content-md-center justify-content-center style-2351 style-local-3428-c73 position-relative\" rel=\"noopener noreferrer\"><!----><!----> <span>L&rsquo;\u00e9cole africaine de demain<\/span><\/a>\n                    <\/span>\n                  <\/div>\n                <\/div>\n              <\/div>\n            <\/div>\n          <\/div>\n          <div class=\"h-column h-column-container d-flex h-col-lg-auto h-col-md-auto h-col-auto style-2352-outer style-local-3428-c74-outer\">\n            <div data-colibri-id=\"3428-c74\" class=\"d-flex h-flex-basis h-column__inner h-px-lg-2 h-px-md-2 h-px-2 v-inner-lg-2 v-inner-md-2 v-inner-2 style-2352 style-local-3428-c74 position-relative\">\n              <!---->\n              <!---->\n              <div class=\"w-100 h-y-container h-column__content h-column__v-align flex-basis-100 align-self-lg-center align-self-md-center align-self-center\">\n                <!---->\n                <div data-colibri-id=\"3428-c75\" class=\"d-block style-2353 style-local-3428-c75 position-relative h-element\">\n                  <!---->\n                  <div class=\"h-image__frame-container-outer\">\n                    <div class=\"h-image__frame-container\">\n                      <!---->\n                      <!---->\n                      <img decoding=\"async\" loading=\"lazy\" width=\"1111\" height=\"1108\" src=\"http:\/\/esprit-sud.org\/wp-content\/uploads\/2020\/05\/cropped-cropped-ISJA-eleves-amphi-Sylvia-4-1.jpg\" class=\"wp-image-900 style-2353-image style-local-3428-c75-image\" srcset=\"https:\/\/esprit-sud.org\/wp-content\/uploads\/2020\/05\/cropped-cropped-ISJA-eleves-amphi-Sylvia-4-1.jpg 1111w, https:\/\/esprit-sud.org\/wp-content\/uploads\/2020\/05\/cropped-cropped-ISJA-eleves-amphi-Sylvia-4-1-150x150.jpg 150w, https:\/\/esprit-sud.org\/wp-content\/uploads\/2020\/05\/cropped-cropped-ISJA-eleves-amphi-Sylvia-4-1-300x300.jpg 300w, https:\/\/esprit-sud.org\/wp-content\/uploads\/2020\/05\/cropped-cropped-ISJA-eleves-amphi-Sylvia-4-1-768x766.jpg 768w, https:\/\/esprit-sud.org\/wp-content\/uploads\/2020\/05\/cropped-cropped-ISJA-eleves-amphi-Sylvia-4-1-1024x1021.jpg 1024w\" sizes=\"(max-width: 1111px) 100vw, 1111px\" alt=\"\" \/>\n                      <div class=\"h-image__frame h-hide-sm style-2353-frameImage style-local-3428-c75-frameImage\"><\/div>\n                    <\/div>\n                  <\/div>\n                <\/div>\n              <\/div>\n            <\/div>\n          <\/div>\n        <\/div>\n      <\/div>\n    <\/div>\n  <\/div>\n<\/div>","protected":false},"excerpt":{"rendered":"<p>Esprit Sud organise une s\u00e9rie de conf\u00e9rences sur&nbsp;l&rsquo;\u00e9cole de demain en Afrique 16 juin 2020 &#8211; 15H00 L\u2019apr\u00e8s Covid19&nbsp;: b\u00e2tir l\u2019\u00e9cole de demain en Afrique En savoir plus 11 juillet 2020 &#8211; 15h00 L\u2019\u00e9ducation num\u00e9rique en Afrique&nbsp;: entre in\u00e9galit\u00e9s et opportunit\u00e9s En savoir plus Dates \u00e0 venir D\u00e9mocratiser la lecture en Afrique pour un meilleur [&hellip;]<\/p>\n","protected":false},"author":1,"featured_media":0,"parent":0,"menu_order":0,"comment_status":"closed","ping_status":"closed","template":"page-templates\/full-width-page.php","meta":{"ngg_post_thumbnail":0},"_links":{"self":[{"href":"https:\/\/esprit-sud.org\/index.php\/wp-json\/wp\/v2\/pages\/3428"}],"collection":[{"href":"https:\/\/esprit-sud.org\/index.php\/wp-json\/wp\/v2\/pages"}],"about":[{"href":"https:\/\/esprit-sud.org\/index.php\/wp-json\/wp\/v2\/types\/page"}],"author":[{"embeddable":true,"href":"https:\/\/esprit-sud.org\/index.php\/wp-json\/wp\/v2\/users\/1"}],"replies":[{"embeddable":true,"href":"https:\/\/esprit-sud.org\/index.php\/wp-json\/wp\/v2\/comments?post=3428"}],"version-history":[{"count":6,"href":"https:\/\/esprit-sud.org\/index.php\/wp-json\/wp\/v2\/pages\/3428\/revisions"}],"predecessor-version":[{"id":3454,"href":"https:\/\/esprit-sud.org\/index.php\/wp-json\/wp\/v2\/pages\/3428\/revisions\/3454"}],"wp:attachment":[{"href":"https:\/\/esprit-sud.org\/index.php\/wp-json\/wp\/v2\/media?parent=3428"}],"curies":[{"name":"wp","href":"https:\/\/api.w.org\/{rel}","templated":true}]}}